{"id":963,"date":"2015-04-16T16:40:42","date_gmt":"2015-04-16T14:40:42","guid":{"rendered":"http:\/\/anfina.ch\/news-2\/"},"modified":"2025-02-25T15:10:39","modified_gmt":"2025-02-25T14:10:39","slug":"news-novita-nuove-offerte-servizi","status":"publish","type":"page","link":"https:\/\/anfina.ch\/it\/news-novita-nuove-offerte-servizi\/","title":{"rendered":"news"},"content":{"rendered":"\n<h1 class=\"wp-block-heading\">Le nostre Novit\u00e0<\/h1>\n\n\n\n<p>Questa sezione \u00e8 stata creata per tenervi aggiornati sulle nostre novit\u00e0 e sugli argomenti che ci stanno a cuore.<br>Qui potrete leggere le nuove offerte, le novit\u00e0 di anfina immo, gli eventi, i consigli, gli approfondimenti e le curiosit\u00e0 su immobili e finanza.<\/p>\n\n\n\n<h2 class=\"wp-block-heading\">Buona lettura<\/h2>\n\n\n\n<p>Rimanete informati sulle tendenze e le opportunit\u00e0 del mercato immobiliare grazie alla nostra agenzia.<br>Ogni met\u00e0 del mese, vi invitiamo a concedervi una pausa caff\u00e8 accompagnata dalla piacevole lettura della nostra Newsletter.<\/p>\n\n\n\n<h3 class=\"wp-block-heading\">Contattateci<\/h3>\n\n\n\n<p>Per ulteriori informazioni, non esitate a contattarci. Saremo lieti di informarvi sulle ultime novit\u00e0 del mercato immobiliare e di rispondere alle vostre domande.<\/p>\n\n\n\n<p><strong>Seguici anche sui Social Media<\/strong><\/p>\n\n\n\n<p><a href=\"https:\/\/www.instagram.com\/anfina_immo_ag\/\">Instagram<\/a>&#8211;<a href=\"https:\/\/www.linkedin.com\/company\/anfina-immo-ag\/\">LinkedIn<\/a><\/p>\n\n\n\n<div style=\"height:56px\" aria-hidden=\"true\" class=\"wp-block-spacer\"><\/div>\n\n\n\n<figure class=\"wp-block-gallery has-nested-images columns-default is-cropped wp-block-gallery-1 is-layout-flex wp-block-gallery-is-layout-flex\">\n<figure class=\"wp-block-image size-large\"><a href=\"https:\/\/anfina.ch\/it\/news\/\"><img loading=\"lazy\" decoding=\"async\" width=\"1024\" height=\"341\" data-id=\"67082\" src=\"https:\/\/anfina.ch\/wp-content\/uploads\/2023\/10\/AdobeStock_114122684-1024x341.jpeg\" alt=\"Die Immobilienangebote von anfina\" class=\"wp-image-67082\" srcset=\"https:\/\/anfina.ch\/wp-content\/uploads\/2023\/10\/AdobeStock_114122684-1024x341.jpeg 1024w, https:\/\/anfina.ch\/wp-content\/uploads\/2023\/10\/AdobeStock_114122684-300x100.jpeg 300w, https:\/\/anfina.ch\/wp-content\/uploads\/2023\/10\/AdobeStock_114122684-768x256.jpeg 768w, https:\/\/anfina.ch\/wp-content\/uploads\/2023\/10\/AdobeStock_114122684-150x50.jpeg 150w, https:\/\/anfina.ch\/wp-content\/uploads\/2023\/10\/AdobeStock_114122684-1536x512.jpeg 1536w, https:\/\/anfina.ch\/wp-content\/uploads\/2023\/10\/AdobeStock_114122684-2048x683.jpeg 2048w\" sizes=\"auto, (max-width: 1024px) 100vw, 1024px\" \/><\/a><\/figure>\n\n\n\n<figure class=\"wp-block-image size-large\"><a href=\"https:\/\/anfina.ch\/wp-content\/uploads\/2023\/09\/AdobeStock_600448683-1-scaled.jpeg\"><img loading=\"lazy\" decoding=\"async\" width=\"1024\" height=\"683\" data-id=\"67061\" src=\"https:\/\/anfina.ch\/wp-content\/uploads\/2023\/09\/AdobeStock_600448683-1-1024x683.jpeg\" alt=\"News. Questa sezione \u00e8 stata creata per tenervi aggiornati sulle nostre novit\u00e0 e sui temi che ci stanno a cuore. Nuove offerte, eventi e nuovi servizi saranno pubblicati su questa pagina.   Vi auguriamo una buona lettura con la vostra anfina.\" class=\"wp-image-67061\" srcset=\"https:\/\/anfina.ch\/wp-content\/uploads\/2023\/09\/AdobeStock_600448683-1-1024x683.jpeg 1024w, https:\/\/anfina.ch\/wp-content\/uploads\/2023\/09\/AdobeStock_600448683-1-300x200.jpeg 300w, https:\/\/anfina.ch\/wp-content\/uploads\/2023\/09\/AdobeStock_600448683-1-768x512.jpeg 768w, https:\/\/anfina.ch\/wp-content\/uploads\/2023\/09\/AdobeStock_600448683-1-150x100.jpeg 150w, https:\/\/anfina.ch\/wp-content\/uploads\/2023\/09\/AdobeStock_600448683-1-1536x1024.jpeg 1536w, https:\/\/anfina.ch\/wp-content\/uploads\/2023\/09\/AdobeStock_600448683-1-2048x1365.jpeg 2048w\" sizes=\"auto, (max-width: 1024px) 100vw, 1024px\" \/><\/a><\/figure>\n\n\n\n<figure class=\"wp-block-image size-large\"><a href=\"https:\/\/anfina.ch\/wp-content\/uploads\/2023\/08\/AdobeStock_159770529-scaled.jpeg\"><img loading=\"lazy\" decoding=\"async\" width=\"1024\" height=\"683\" data-id=\"66829\" src=\"https:\/\/anfina.ch\/wp-content\/uploads\/2023\/08\/AdobeStock_159770529-1024x683.jpeg\" alt=\"\" class=\"wp-image-66829\" srcset=\"https:\/\/anfina.ch\/wp-content\/uploads\/2023\/08\/AdobeStock_159770529-1024x683.jpeg 1024w, https:\/\/anfina.ch\/wp-content\/uploads\/2023\/08\/AdobeStock_159770529-300x200.jpeg 300w, https:\/\/anfina.ch\/wp-content\/uploads\/2023\/08\/AdobeStock_159770529-768x512.jpeg 768w, https:\/\/anfina.ch\/wp-content\/uploads\/2023\/08\/AdobeStock_159770529-150x100.jpeg 150w, https:\/\/anfina.ch\/wp-content\/uploads\/2023\/08\/AdobeStock_159770529-1536x1024.jpeg 1536w, https:\/\/anfina.ch\/wp-content\/uploads\/2023\/08\/AdobeStock_159770529-2048x1365.jpeg 2048w\" sizes=\"auto, (max-width: 1024px) 100vw, 1024px\" \/><\/a><\/figure>\n<\/figure>\n","protected":false},"excerpt":{"rendered":"<p>Le nostre Novit\u00e0 Questa sezione \u00e8 stata creata per tenervi aggiornati sulle nostre novit\u00e0 e sugli argomenti che ci stanno [&hellip;]<\/p>\n","protected":false},"author":3,"featured_media":0,"parent":0,"menu_order":0,"comment_status":"open","ping_status":"open","template":"page-template-news.php","meta":{"_acf_changed":false,"footnotes":""},"class_list":["post-963","page","type-page","status-publish","hentry"],"acf":[],"yoast_head":"<!-- This site is optimized with the Yoast SEO plugin v24.9 - https:\/\/yoast.com\/wordpress\/plugins\/seo\/ -->\n<title>Le nostre novit\u00e0, per rimanere sempre aggiornati - anfina immo ag<\/title>\n<meta name=\"description\" content=\"Rimanete aggiornati su novit\u00e0, approfondimenti e curiosit\u00e0 del settore immobiliare e finanziario con la nostra Newsletter mensile.\" \/>\n<meta name=\"robots\" content=\"index, follow, max-snippet:-1, max-image-preview:large, max-video-preview:-1\" \/>\n<link rel=\"canonical\" href=\"https:\/\/anfina.ch\/it\/news-novita-nuove-offerte-servizi\/\" \/>\n<meta property=\"og:locale\" content=\"it_IT\" \/>\n<meta property=\"og:type\" content=\"article\" \/>\n<meta property=\"og:title\" content=\"Le nostre novit\u00e0, per rimanere sempre aggiornati - anfina immo ag\" \/>\n<meta property=\"og:description\" content=\"Rimanete aggiornati su novit\u00e0, approfondimenti e curiosit\u00e0 del settore immobiliare e finanziario con la nostra Newsletter mensile.\" \/>\n<meta property=\"og:url\" content=\"https:\/\/anfina.ch\/it\/news-novita-nuove-offerte-servizi\/\" \/>\n<meta property=\"og:site_name\" content=\"anfina immo ag\" \/>\n<meta property=\"article:modified_time\" content=\"2025-02-25T14:10:39+00:00\" \/>\n<meta property=\"og:image\" content=\"https:\/\/anfina.ch\/wp-content\/uploads\/2023\/10\/AdobeStock_114122684-scaled.jpeg\" \/>\n\t<meta property=\"og:image:width\" content=\"2560\" \/>\n\t<meta property=\"og:image:height\" content=\"854\" \/>\n\t<meta property=\"og:image:type\" content=\"image\/jpeg\" \/>\n<meta name=\"twitter:card\" content=\"summary_large_image\" \/>\n<meta name=\"twitter:label1\" content=\"Tempo di lettura stimato\" \/>\n\t<meta name=\"twitter:data1\" content=\"2 minuti\" \/>\n<script type=\"application\/ld+json\" class=\"yoast-schema-graph\">{\"@context\":\"https:\/\/schema.org\",\"@graph\":[{\"@type\":\"WebPage\",\"@id\":\"https:\/\/anfina.ch\/it\/news-novita-nuove-offerte-servizi\/\",\"url\":\"https:\/\/anfina.ch\/it\/news-novita-nuove-offerte-servizi\/\",\"name\":\"Le nostre novit\u00e0, per rimanere sempre aggiornati - anfina immo ag\",\"isPartOf\":{\"@id\":\"https:\/\/anfina.ch\/#website\"},\"primaryImageOfPage\":{\"@id\":\"https:\/\/anfina.ch\/it\/news-novita-nuove-offerte-servizi\/#primaryimage\"},\"image\":{\"@id\":\"https:\/\/anfina.ch\/it\/news-novita-nuove-offerte-servizi\/#primaryimage\"},\"thumbnailUrl\":\"https:\/\/anfina.ch\/wp-content\/uploads\/2023\/10\/AdobeStock_114122684-1024x341.jpeg\",\"datePublished\":\"2015-04-16T14:40:42+00:00\",\"dateModified\":\"2025-02-25T14:10:39+00:00\",\"description\":\"Rimanete aggiornati su novit\u00e0, approfondimenti e curiosit\u00e0 del settore immobiliare e finanziario con la nostra Newsletter mensile.\",\"breadcrumb\":{\"@id\":\"https:\/\/anfina.ch\/it\/news-novita-nuove-offerte-servizi\/#breadcrumb\"},\"inLanguage\":\"it-IT\",\"potentialAction\":[{\"@type\":\"ReadAction\",\"target\":[\"https:\/\/anfina.ch\/it\/news-novita-nuove-offerte-servizi\/\"]}]},{\"@type\":\"ImageObject\",\"inLanguage\":\"it-IT\",\"@id\":\"https:\/\/anfina.ch\/it\/news-novita-nuove-offerte-servizi\/#primaryimage\",\"url\":\"https:\/\/anfina.ch\/wp-content\/uploads\/2023\/10\/AdobeStock_114122684-1024x341.jpeg\",\"contentUrl\":\"https:\/\/anfina.ch\/wp-content\/uploads\/2023\/10\/AdobeStock_114122684-1024x341.jpeg\"},{\"@type\":\"BreadcrumbList\",\"@id\":\"https:\/\/anfina.ch\/it\/news-novita-nuove-offerte-servizi\/#breadcrumb\",\"itemListElement\":[{\"@type\":\"ListItem\",\"position\":1,\"name\":\"Startseite\",\"item\":\"https:\/\/anfina.ch\/it\/\"},{\"@type\":\"ListItem\",\"position\":2,\"name\":\"news\"}]},{\"@type\":\"WebSite\",\"@id\":\"https:\/\/anfina.ch\/#website\",\"url\":\"https:\/\/anfina.ch\/\",\"name\":\"anfina immo ag\",\"description\":\"\",\"publisher\":{\"@id\":\"https:\/\/anfina.ch\/#organization\"},\"potentialAction\":[{\"@type\":\"SearchAction\",\"target\":{\"@type\":\"EntryPoint\",\"urlTemplate\":\"https:\/\/anfina.ch\/?s={search_term_string}\"},\"query-input\":{\"@type\":\"PropertyValueSpecification\",\"valueRequired\":true,\"valueName\":\"search_term_string\"}}],\"inLanguage\":\"it-IT\"},{\"@type\":\"Organization\",\"@id\":\"https:\/\/anfina.ch\/#organization\",\"name\":\"anfina immo ag\",\"url\":\"https:\/\/anfina.ch\/\",\"logo\":{\"@type\":\"ImageObject\",\"inLanguage\":\"it-IT\",\"@id\":\"https:\/\/anfina.ch\/#\/schema\/logo\/image\/\",\"url\":\"http:\/\/anfina.ch\/wp-content\/uploads\/2024\/02\/New-Logo-anfina-per-Social-.png\",\"contentUrl\":\"http:\/\/anfina.ch\/wp-content\/uploads\/2024\/02\/New-Logo-anfina-per-Social-.png\",\"width\":1125,\"height\":272,\"caption\":\"anfina immo ag\"},\"image\":{\"@id\":\"https:\/\/anfina.ch\/#\/schema\/logo\/image\/\"}}]}<\/script>\n<!-- \/ Yoast SEO plugin. -->","yoast_head_json":{"title":"Le nostre novit\u00e0, per rimanere sempre aggiornati - anfina immo ag","description":"Rimanete aggiornati su novit\u00e0, approfondimenti e curiosit\u00e0 del settore immobiliare e finanziario con la nostra Newsletter mensile.","robots":{"index":"index","follow":"follow","max-snippet":"max-snippet:-1","max-image-preview":"max-image-preview:large","max-video-preview":"max-video-preview:-1"},"canonical":"https:\/\/anfina.ch\/it\/news-novita-nuove-offerte-servizi\/","og_locale":"it_IT","og_type":"article","og_title":"Le nostre novit\u00e0, per rimanere sempre aggiornati - anfina immo ag","og_description":"Rimanete aggiornati su novit\u00e0, approfondimenti e curiosit\u00e0 del settore immobiliare e finanziario con la nostra Newsletter mensile.","og_url":"https:\/\/anfina.ch\/it\/news-novita-nuove-offerte-servizi\/","og_site_name":"anfina immo ag","article_modified_time":"2025-02-25T14:10:39+00:00","og_image":[{"width":2560,"height":854,"url":"https:\/\/anfina.ch\/wp-content\/uploads\/2023\/10\/AdobeStock_114122684-scaled.jpeg","type":"image\/jpeg"}],"twitter_card":"summary_large_image","twitter_misc":{"Tempo di lettura stimato":"2 minuti"},"schema":{"@context":"https:\/\/schema.org","@graph":[{"@type":"WebPage","@id":"https:\/\/anfina.ch\/it\/news-novita-nuove-offerte-servizi\/","url":"https:\/\/anfina.ch\/it\/news-novita-nuove-offerte-servizi\/","name":"Le nostre novit\u00e0, per rimanere sempre aggiornati - anfina immo ag","isPartOf":{"@id":"https:\/\/anfina.ch\/#website"},"primaryImageOfPage":{"@id":"https:\/\/anfina.ch\/it\/news-novita-nuove-offerte-servizi\/#primaryimage"},"image":{"@id":"https:\/\/anfina.ch\/it\/news-novita-nuove-offerte-servizi\/#primaryimage"},"thumbnailUrl":"https:\/\/anfina.ch\/wp-content\/uploads\/2023\/10\/AdobeStock_114122684-1024x341.jpeg","datePublished":"2015-04-16T14:40:42+00:00","dateModified":"2025-02-25T14:10:39+00:00","description":"Rimanete aggiornati su novit\u00e0, approfondimenti e curiosit\u00e0 del settore immobiliare e finanziario con la nostra Newsletter mensile.","breadcrumb":{"@id":"https:\/\/anfina.ch\/it\/news-novita-nuove-offerte-servizi\/#breadcrumb"},"inLanguage":"it-IT","potentialAction":[{"@type":"ReadAction","target":["https:\/\/anfina.ch\/it\/news-novita-nuove-offerte-servizi\/"]}]},{"@type":"ImageObject","inLanguage":"it-IT","@id":"https:\/\/anfina.ch\/it\/news-novita-nuove-offerte-servizi\/#primaryimage","url":"https:\/\/anfina.ch\/wp-content\/uploads\/2023\/10\/AdobeStock_114122684-1024x341.jpeg","contentUrl":"https:\/\/anfina.ch\/wp-content\/uploads\/2023\/10\/AdobeStock_114122684-1024x341.jpeg"},{"@type":"BreadcrumbList","@id":"https:\/\/anfina.ch\/it\/news-novita-nuove-offerte-servizi\/#breadcrumb","itemListElement":[{"@type":"ListItem","position":1,"name":"Startseite","item":"https:\/\/anfina.ch\/it\/"},{"@type":"ListItem","position":2,"name":"news"}]},{"@type":"WebSite","@id":"https:\/\/anfina.ch\/#website","url":"https:\/\/anfina.ch\/","name":"anfina immo ag","description":"","publisher":{"@id":"https:\/\/anfina.ch\/#organization"},"potentialAction":[{"@type":"SearchAction","target":{"@type":"EntryPoint","urlTemplate":"https:\/\/anfina.ch\/?s={search_term_string}"},"query-input":{"@type":"PropertyValueSpecification","valueRequired":true,"valueName":"search_term_string"}}],"inLanguage":"it-IT"},{"@type":"Organization","@id":"https:\/\/anfina.ch\/#organization","name":"anfina immo ag","url":"https:\/\/anfina.ch\/","logo":{"@type":"ImageObject","inLanguage":"it-IT","@id":"https:\/\/anfina.ch\/#\/schema\/logo\/image\/","url":"http:\/\/anfina.ch\/wp-content\/uploads\/2024\/02\/New-Logo-anfina-per-Social-.png","contentUrl":"http:\/\/anfina.ch\/wp-content\/uploads\/2024\/02\/New-Logo-anfina-per-Social-.png","width":1125,"height":272,"caption":"anfina immo ag"},"image":{"@id":"https:\/\/anfina.ch\/#\/schema\/logo\/image\/"}}]}},"_links":{"self":[{"href":"https:\/\/anfina.ch\/it\/wp-json\/wp\/v2\/pages\/963","targetHints":{"allow":["GET"]}}],"collection":[{"href":"https:\/\/anfina.ch\/it\/wp-json\/wp\/v2\/pages"}],"about":[{"href":"https:\/\/anfina.ch\/it\/wp-json\/wp\/v2\/types\/page"}],"author":[{"embeddable":true,"href":"https:\/\/anfina.ch\/it\/wp-json\/wp\/v2\/users\/3"}],"replies":[{"embeddable":true,"href":"https:\/\/anfina.ch\/it\/wp-json\/wp\/v2\/comments?post=963"}],"version-history":[{"count":0,"href":"https:\/\/anfina.ch\/it\/wp-json\/wp\/v2\/pages\/963\/revisions"}],"wp:attachment":[{"href":"https:\/\/anfina.ch\/it\/wp-json\/wp\/v2\/media?parent=963"}],"curies":[{"name":"wp","href":"https:\/\/api.w.org\/{rel}","templated":true}]}}