{"id":7887,"date":"2017-09-12T11:30:30","date_gmt":"2017-09-12T09:30:30","guid":{"rendered":"http:\/\/anfina.ch\/home\/"},"modified":"2025-02-25T14:24:44","modified_gmt":"2025-02-25T13:24:44","slug":"homepage-anfinaimmoag-agenzia-immobiliare","status":"publish","type":"page","link":"https:\/\/anfina.ch\/it\/","title":{"rendered":"home"},"content":{"rendered":"<div class=\"wp-block-image\">\n<figure class=\"aligncenter size-large is-resized\"><a href=\"http:\/\/anfina.ch\/wp-content\/uploads\/2025\/02\/contratto-e-chiavi-di-casa-scaled.jpeg\"><img loading=\"lazy\" decoding=\"async\" width=\"1024\" height=\"683\" src=\"http:\/\/anfina.ch\/wp-content\/uploads\/2025\/02\/contratto-e-chiavi-di-casa-1024x683.jpeg\" alt=\"agenzia immobiliare anfina\" class=\"wp-image-81175\" style=\"width:736px;height:auto\" srcset=\"https:\/\/anfina.ch\/wp-content\/uploads\/2025\/02\/contratto-e-chiavi-di-casa-1024x683.jpeg 1024w, https:\/\/anfina.ch\/wp-content\/uploads\/2025\/02\/contratto-e-chiavi-di-casa-300x200.jpeg 300w, https:\/\/anfina.ch\/wp-content\/uploads\/2025\/02\/contratto-e-chiavi-di-casa-768x512.jpeg 768w, https:\/\/anfina.ch\/wp-content\/uploads\/2025\/02\/contratto-e-chiavi-di-casa-150x100.jpeg 150w, https:\/\/anfina.ch\/wp-content\/uploads\/2025\/02\/contratto-e-chiavi-di-casa-1536x1024.jpeg 1536w, https:\/\/anfina.ch\/wp-content\/uploads\/2025\/02\/contratto-e-chiavi-di-casa-2048x1365.jpeg 2048w\" sizes=\"auto, (max-width: 1024px) 100vw, 1024px\" \/><\/a><\/figure>\n<\/div>\n\n\n<h1 class=\"wp-block-heading\">Immobili<\/h1>\n\n\n\n<p>Che siate alla ricerca di un nuovo immobile da acquistare o affittare o che vogliate vendere la vostra propriet\u00e0, con anfino immo ag siete all&#8217;indirizzo giusto. Grazie alla nostra pluriennale esperienza, vi forniremo un&#8217;assistenza personale, competente e orientata alla soluzione fin dall&#8217;inizio del vostro progetto.<\/p>\n\n\n\n<h2 class=\"wp-block-heading\">Siete alla ricerca di un immobile <\/h2>\n\n\n\n<p>La prima consulenza \u00e8 naturalmente gratuita. Contattateci subito: l&#8217;immobile dei vostri sogni potrebbe gi\u00e0 essere l\u00ec ad aspettarvi. Che vogliate affittare o acquistare l&#8217;immobile dei vostri sogni, con noi avete scelto il partner giusto per trovare la vostra nuova casa . Inoltre, da noi troverete sempre immobili di pregio &#8211; vale la pena dare un&#8217;occhiata!<\/p>\n\n\n\n<h2 class=\"wp-block-heading\">Volete vendere un immobile?<\/h2>\n\n\n\n<p>La campagna di marketing anfina comprende:<\/p>\n\n\n\n<ul class=\"wp-block-list\">\n<li>Stima del valore di mercato, durata precisa della vendita<\/li>\n\n\n\n<li>Concetto (marketing) e impegno<\/li>\n\n\n\n<li>Dossier di vendita professionale<\/li>\n\n\n\n<li>Video aggiuntivo della propriet\u00e0 anfina<br>Attribuiamo grande importanza alla discrezione e per questo manteniamo un&#8217;area PRIVACY. Siamo al vostro fianco. La nostra ampia gamma di <a href=\"https:\/\/anfina.ch\/wir-setzen-uns-fuer-sie-ein-dienstleistungen\/\">servizi<\/a> copre tutti gli aspetti della vendita immobiliare e rende il processo il pi\u00f9 semplice possibile per voi.<\/li>\n<\/ul>\n\n\n\n<h3 class=\"wp-block-heading\">Perch\u00e8 scegliere anfina?<\/h3>\n\n\n\n<p>anfina non offre solo la vendita di immobili, ma anche una consulenza finanziaria completa, il supporto per investimenti cruciali e progetti di costruzione, la gestione degli affitti, la gestione del rischio, lo sviluppo di progetti e molti altri servizi (link ai Servizi).<br>Ma non solo: anfina segue principi quali discrezione, attenzione al cliente, positivit\u00e0, familiarit\u00e0 e correttezza. Soddisfiamo le esigenze dei nostri clienti con entusiasmo e professionalit\u00e0.<br>Per garantire che possiate raggiungerci in modo semplice e veloce, siamo situati in una posizione molto centrale e i nostri servizi sono offerti in almeno tre lingue principali: tedesco, inglese e italiano. Tuttavia, anche chi parla francese \u00e8 in buone mani con noi. Insieme ai nostri partner (link ai partner), formiamo un team forte e convincente: le referenze dei nostri clienti (link alle recensioni) parlano da sole!<br>Saremo lieti di sostenervi nel vostro cammino verso il futuro.<\/p>\n\n\n\n<p class=\"has-text-align-center\"><strong>Saremo lieti di sostenervi nel vostro cammino verso il futuro.<\/strong><\/p>\n\n\n\n<p><em><a href=\"https:\/\/www.instagram.com\/anfina_immo_ag\/\">immobilienagentur anfinaimmo ag<\/a><\/em><\/p>\n","protected":false},"excerpt":{"rendered":"<p>Immobili Che siate alla ricerca di un nuovo immobile da acquistare o affittare o che vogliate vendere la vostra propriet\u00e0, [&hellip;]<\/p>\n","protected":false},"author":3,"featured_media":0,"parent":0,"menu_order":0,"comment_status":"closed","ping_status":"closed","template":"page-template-home.php","meta":{"_acf_changed":false,"footnotes":""},"class_list":["post-7887","page","type-page","status-publish","hentry"],"acf":[],"yoast_head":"<!-- This site is optimized with the Yoast SEO plugin v24.9 - https:\/\/yoast.com\/wordpress\/plugins\/seo\/ -->\n<title>Agenzia immobiliare anfina - home - anfina immo ag<\/title>\n<meta name=\"description\" content=\"Lavorare con l&#039;agenzia immobiliare anfina \u00e8 facile grazie a un team preparato ed efficiente. Il vostro obiettivo \u00e8 il nostro obiettivo.\" \/>\n<meta name=\"robots\" content=\"index, follow, max-snippet:-1, max-image-preview:large, max-video-preview:-1\" \/>\n<link rel=\"canonical\" href=\"https:\/\/anfina.ch\/it\/\" \/>\n<meta property=\"og:locale\" content=\"it_IT\" \/>\n<meta property=\"og:type\" content=\"article\" \/>\n<meta property=\"og:title\" content=\"Agenzia immobiliare anfina - home - anfina immo ag\" \/>\n<meta property=\"og:description\" content=\"Lavorare con l&#039;agenzia immobiliare anfina \u00e8 facile grazie a un team preparato ed efficiente. Il vostro obiettivo \u00e8 il nostro obiettivo.\" \/>\n<meta property=\"og:url\" content=\"https:\/\/anfina.ch\/it\/\" \/>\n<meta property=\"og:site_name\" content=\"anfina immo ag\" \/>\n<meta property=\"article:modified_time\" content=\"2025-02-25T13:24:44+00:00\" \/>\n<meta property=\"og:image\" content=\"https:\/\/anfina.ch\/wp-content\/uploads\/2025\/02\/contratto-e-chiavi-di-casa-scaled.jpeg\" \/>\n\t<meta property=\"og:image:width\" content=\"2560\" \/>\n\t<meta property=\"og:image:height\" content=\"1707\" \/>\n\t<meta property=\"og:image:type\" content=\"image\/jpeg\" \/>\n<meta name=\"twitter:card\" content=\"summary_large_image\" \/>\n<meta name=\"twitter:label1\" content=\"Tempo di lettura stimato\" \/>\n\t<meta name=\"twitter:data1\" content=\"2 minuti\" \/>\n<script type=\"application\/ld+json\" class=\"yoast-schema-graph\">{\"@context\":\"https:\/\/schema.org\",\"@graph\":[{\"@type\":\"WebPage\",\"@id\":\"https:\/\/anfina.ch\/it\/\",\"url\":\"https:\/\/anfina.ch\/it\/\",\"name\":\"Agenzia immobiliare anfina - home - anfina immo ag\",\"isPartOf\":{\"@id\":\"https:\/\/anfina.ch\/#website\"},\"primaryImageOfPage\":{\"@id\":\"https:\/\/anfina.ch\/it\/#primaryimage\"},\"image\":{\"@id\":\"https:\/\/anfina.ch\/it\/#primaryimage\"},\"thumbnailUrl\":\"http:\/\/anfina.ch\/wp-content\/uploads\/2025\/02\/contratto-e-chiavi-di-casa-1024x683.jpeg\",\"datePublished\":\"2017-09-12T09:30:30+00:00\",\"dateModified\":\"2025-02-25T13:24:44+00:00\",\"description\":\"Lavorare con l'agenzia immobiliare anfina \u00e8 facile grazie a un team preparato ed efficiente. Il vostro obiettivo \u00e8 il nostro obiettivo.\",\"breadcrumb\":{\"@id\":\"https:\/\/anfina.ch\/it\/#breadcrumb\"},\"inLanguage\":\"it-IT\",\"potentialAction\":[{\"@type\":\"ReadAction\",\"target\":[\"https:\/\/anfina.ch\/it\/\"]}]},{\"@type\":\"ImageObject\",\"inLanguage\":\"it-IT\",\"@id\":\"https:\/\/anfina.ch\/it\/#primaryimage\",\"url\":\"http:\/\/anfina.ch\/wp-content\/uploads\/2025\/02\/contratto-e-chiavi-di-casa-1024x683.jpeg\",\"contentUrl\":\"http:\/\/anfina.ch\/wp-content\/uploads\/2025\/02\/contratto-e-chiavi-di-casa-1024x683.jpeg\"},{\"@type\":\"BreadcrumbList\",\"@id\":\"https:\/\/anfina.ch\/it\/#breadcrumb\",\"itemListElement\":[{\"@type\":\"ListItem\",\"position\":1,\"name\":\"Startseite\",\"item\":\"https:\/\/anfina.ch\/it\/\"},{\"@type\":\"ListItem\",\"position\":2,\"name\":\"home\"}]},{\"@type\":\"WebSite\",\"@id\":\"https:\/\/anfina.ch\/#website\",\"url\":\"https:\/\/anfina.ch\/\",\"name\":\"anfina immo ag\",\"description\":\"\",\"publisher\":{\"@id\":\"https:\/\/anfina.ch\/#organization\"},\"potentialAction\":[{\"@type\":\"SearchAction\",\"target\":{\"@type\":\"EntryPoint\",\"urlTemplate\":\"https:\/\/anfina.ch\/?s={search_term_string}\"},\"query-input\":{\"@type\":\"PropertyValueSpecification\",\"valueRequired\":true,\"valueName\":\"search_term_string\"}}],\"inLanguage\":\"it-IT\"},{\"@type\":\"Organization\",\"@id\":\"https:\/\/anfina.ch\/#organization\",\"name\":\"anfina immo ag\",\"url\":\"https:\/\/anfina.ch\/\",\"logo\":{\"@type\":\"ImageObject\",\"inLanguage\":\"it-IT\",\"@id\":\"https:\/\/anfina.ch\/#\/schema\/logo\/image\/\",\"url\":\"http:\/\/anfina.ch\/wp-content\/uploads\/2024\/02\/New-Logo-anfina-per-Social-.png\",\"contentUrl\":\"http:\/\/anfina.ch\/wp-content\/uploads\/2024\/02\/New-Logo-anfina-per-Social-.png\",\"width\":1125,\"height\":272,\"caption\":\"anfina immo ag\"},\"image\":{\"@id\":\"https:\/\/anfina.ch\/#\/schema\/logo\/image\/\"}}]}<\/script>\n<!-- \/ Yoast SEO plugin. -->","yoast_head_json":{"title":"Agenzia immobiliare anfina - home - anfina immo ag","description":"Lavorare con l'agenzia immobiliare anfina \u00e8 facile grazie a un team preparato ed efficiente. Il vostro obiettivo \u00e8 il nostro obiettivo.","robots":{"index":"index","follow":"follow","max-snippet":"max-snippet:-1","max-image-preview":"max-image-preview:large","max-video-preview":"max-video-preview:-1"},"canonical":"https:\/\/anfina.ch\/it\/","og_locale":"it_IT","og_type":"article","og_title":"Agenzia immobiliare anfina - home - anfina immo ag","og_description":"Lavorare con l'agenzia immobiliare anfina \u00e8 facile grazie a un team preparato ed efficiente. Il vostro obiettivo \u00e8 il nostro obiettivo.","og_url":"https:\/\/anfina.ch\/it\/","og_site_name":"anfina immo ag","article_modified_time":"2025-02-25T13:24:44+00:00","og_image":[{"width":2560,"height":1707,"url":"https:\/\/anfina.ch\/wp-content\/uploads\/2025\/02\/contratto-e-chiavi-di-casa-scaled.jpeg","type":"image\/jpeg"}],"twitter_card":"summary_large_image","twitter_misc":{"Tempo di lettura stimato":"2 minuti"},"schema":{"@context":"https:\/\/schema.org","@graph":[{"@type":"WebPage","@id":"https:\/\/anfina.ch\/it\/","url":"https:\/\/anfina.ch\/it\/","name":"Agenzia immobiliare anfina - home - anfina immo ag","isPartOf":{"@id":"https:\/\/anfina.ch\/#website"},"primaryImageOfPage":{"@id":"https:\/\/anfina.ch\/it\/#primaryimage"},"image":{"@id":"https:\/\/anfina.ch\/it\/#primaryimage"},"thumbnailUrl":"http:\/\/anfina.ch\/wp-content\/uploads\/2025\/02\/contratto-e-chiavi-di-casa-1024x683.jpeg","datePublished":"2017-09-12T09:30:30+00:00","dateModified":"2025-02-25T13:24:44+00:00","description":"Lavorare con l'agenzia immobiliare anfina \u00e8 facile grazie a un team preparato ed efficiente. Il vostro obiettivo \u00e8 il nostro obiettivo.","breadcrumb":{"@id":"https:\/\/anfina.ch\/it\/#breadcrumb"},"inLanguage":"it-IT","potentialAction":[{"@type":"ReadAction","target":["https:\/\/anfina.ch\/it\/"]}]},{"@type":"ImageObject","inLanguage":"it-IT","@id":"https:\/\/anfina.ch\/it\/#primaryimage","url":"http:\/\/anfina.ch\/wp-content\/uploads\/2025\/02\/contratto-e-chiavi-di-casa-1024x683.jpeg","contentUrl":"http:\/\/anfina.ch\/wp-content\/uploads\/2025\/02\/contratto-e-chiavi-di-casa-1024x683.jpeg"},{"@type":"BreadcrumbList","@id":"https:\/\/anfina.ch\/it\/#breadcrumb","itemListElement":[{"@type":"ListItem","position":1,"name":"Startseite","item":"https:\/\/anfina.ch\/it\/"},{"@type":"ListItem","position":2,"name":"home"}]},{"@type":"WebSite","@id":"https:\/\/anfina.ch\/#website","url":"https:\/\/anfina.ch\/","name":"anfina immo ag","description":"","publisher":{"@id":"https:\/\/anfina.ch\/#organization"},"potentialAction":[{"@type":"SearchAction","target":{"@type":"EntryPoint","urlTemplate":"https:\/\/anfina.ch\/?s={search_term_string}"},"query-input":{"@type":"PropertyValueSpecification","valueRequired":true,"valueName":"search_term_string"}}],"inLanguage":"it-IT"},{"@type":"Organization","@id":"https:\/\/anfina.ch\/#organization","name":"anfina immo ag","url":"https:\/\/anfina.ch\/","logo":{"@type":"ImageObject","inLanguage":"it-IT","@id":"https:\/\/anfina.ch\/#\/schema\/logo\/image\/","url":"http:\/\/anfina.ch\/wp-content\/uploads\/2024\/02\/New-Logo-anfina-per-Social-.png","contentUrl":"http:\/\/anfina.ch\/wp-content\/uploads\/2024\/02\/New-Logo-anfina-per-Social-.png","width":1125,"height":272,"caption":"anfina immo ag"},"image":{"@id":"https:\/\/anfina.ch\/#\/schema\/logo\/image\/"}}]}},"_links":{"self":[{"href":"https:\/\/anfina.ch\/it\/wp-json\/wp\/v2\/pages\/7887","targetHints":{"allow":["GET"]}}],"collection":[{"href":"https:\/\/anfina.ch\/it\/wp-json\/wp\/v2\/pages"}],"about":[{"href":"https:\/\/anfina.ch\/it\/wp-json\/wp\/v2\/types\/page"}],"author":[{"embeddable":true,"href":"https:\/\/anfina.ch\/it\/wp-json\/wp\/v2\/users\/3"}],"replies":[{"embeddable":true,"href":"https:\/\/anfina.ch\/it\/wp-json\/wp\/v2\/comments?post=7887"}],"version-history":[{"count":0,"href":"https:\/\/anfina.ch\/it\/wp-json\/wp\/v2\/pages\/7887\/revisions"}],"wp:attachment":[{"href":"https:\/\/anfina.ch\/it\/wp-json\/wp\/v2\/media?parent=7887"}],"curies":[{"name":"wp","href":"https:\/\/api.w.org\/{rel}","templated":true}]}}