{"id":649,"date":"2015-04-16T16:40:23","date_gmt":"2015-04-16T14:40:23","guid":{"rendered":"http:\/\/anfina.ch\/service-2\/"},"modified":"2025-01-20T11:01:45","modified_gmt":"2025-01-20T10:01:45","slug":"prestazioni-servizi-services-lavoriamo-per-voi","status":"publish","type":"page","link":"https:\/\/anfina.ch\/it\/prestazioni-servizi-services-lavoriamo-per-voi\/","title":{"rendered":"servizi"},"content":{"rendered":"\n<div style=\"height:100px\" aria-hidden=\"true\" class=\"wp-block-spacer\"><\/div>\n\n\n\n<h2 class=\"wp-block-heading has-text-align-center\">Lavoriamo per voi.<\/h2>\n\n\n\n<div style=\"height:56px\" aria-hidden=\"true\" class=\"wp-block-spacer\"><\/div>\n\n\n\n<p><em><strong>Perch\u00e9 scegliere l&#8217;anfina?<\/strong><\/em><\/p>\n\n\n\n<p>L&#8217;anfina non offre un unico servizio, bens\u00ec fornisce anche dettagliate consulenze finanziarie, supporto per grandi e piccoli investimenti, si dedica alla gestione delle propriet\u00e0, della gestione del rischio, dello sviluppo del progetto e tanti altri servizi.<\/p>\n\n\n\n<div style=\"height:100px\" aria-hidden=\"true\" class=\"wp-block-spacer\"><\/div>\n\n\n<div class=\"wp-block-image\">\n<figure class=\"aligncenter size-full is-resized\"><a href=\"https:\/\/anfina.ch\/wp-content\/uploads\/2024\/01\/Servizi-anfina.jpg\"><img loading=\"lazy\" decoding=\"async\" width=\"1110\" height=\"1152\" src=\"https:\/\/anfina.ch\/wp-content\/uploads\/2024\/01\/Servizi-anfina.jpg\" alt=\"Lavoriamo per voi. Servizi anfina\" class=\"wp-image-67941\" style=\"width:532px;height:auto\" srcset=\"https:\/\/anfina.ch\/wp-content\/uploads\/2024\/01\/Servizi-anfina.jpg 1110w, https:\/\/anfina.ch\/wp-content\/uploads\/2024\/01\/Servizi-anfina-289x300.jpg 289w, https:\/\/anfina.ch\/wp-content\/uploads\/2024\/01\/Servizi-anfina-987x1024.jpg 987w, https:\/\/anfina.ch\/wp-content\/uploads\/2024\/01\/Servizi-anfina-768x797.jpg 768w, https:\/\/anfina.ch\/wp-content\/uploads\/2024\/01\/Servizi-anfina-145x150.jpg 145w\" sizes=\"auto, (max-width: 1110px) 100vw, 1110px\" \/><\/a><\/figure>\n<\/div>\n\n\n<div style=\"height:100px\" aria-hidden=\"true\" class=\"wp-block-spacer\"><\/div>\n\n\n\n<p><a href=\"http:\/\/anfina.ch\/wp-content\/uploads\/2023\/03\/Servizi-anfina01.jpg\"><\/a><\/p>\n\n\n\n<p>Ma non \u00e8 finita qui! L\u2019anfina segue dei principi quali discrezione, cura del cliente, positivit\u00e0, familiarit\u00e0 e correttezza. Andiamo incontro alle esigenze del cliente, con entusiasmo e professionalit\u00e0.<\/p>\n\n\n\n<p>Inoltre, per far s\u00ec che il cliente non abbia alcuna difficolt\u00e0 nel raggiungerci, la nostra sede \u00e8 molto centrale e i nostri servizi sono offerti in tre lingue principali inglese, tedesco ed italiano.<\/p>\n\n\n\n<p>Tuttavia, siete in buone mani anche se parlate francese.<\/p>\n\n\n\n<h5 class=\"wp-block-heading\">Lavoriamo per voi.<\/h5>\n\n\n\n<div style=\"height:100px\" aria-hidden=\"true\" class=\"wp-block-spacer\"><\/div>\n","protected":false},"excerpt":{"rendered":"<p>Lavoriamo per voi. Perch\u00e9 scegliere l&#8217;anfina? L&#8217;anfina non offre un unico servizio, bens\u00ec fornisce anche dettagliate consulenze finanziarie, supporto per [&hellip;]<\/p>\n","protected":false},"author":3,"featured_media":0,"parent":0,"menu_order":0,"comment_status":"open","ping_status":"open","template":"page-template-2cols.php","meta":{"_acf_changed":false,"footnotes":""},"class_list":["post-649","page","type-page","status-publish","hentry"],"acf":[],"yoast_head":"<!-- This site is optimized with the Yoast SEO plugin v24.9 - https:\/\/yoast.com\/wordpress\/plugins\/seo\/ -->\n<title>Lavoriamo per voi. - servizi - anfina immo ag<\/title>\n<meta name=\"description\" content=\"Lavoriamo per voi. Soddisfiamo le esigenze dei nostri clienti con entusiasmo e professionalit\u00e0, offrendovi un&#039;ampia scelta di servizi.\" \/>\n<meta name=\"robots\" content=\"index, follow, max-snippet:-1, max-image-preview:large, max-video-preview:-1\" \/>\n<link rel=\"canonical\" href=\"https:\/\/anfina.ch\/it\/prestazioni-servizi-services-lavoriamo-per-voi\/\" \/>\n<meta property=\"og:locale\" content=\"it_IT\" \/>\n<meta property=\"og:type\" content=\"article\" \/>\n<meta property=\"og:title\" content=\"Lavoriamo per voi. - servizi - anfina immo ag\" \/>\n<meta property=\"og:description\" content=\"Lavoriamo per voi. Soddisfiamo le esigenze dei nostri clienti con entusiasmo e professionalit\u00e0, offrendovi un&#039;ampia scelta di servizi.\" \/>\n<meta property=\"og:url\" content=\"https:\/\/anfina.ch\/it\/prestazioni-servizi-services-lavoriamo-per-voi\/\" \/>\n<meta property=\"og:site_name\" content=\"anfina immo ag\" \/>\n<meta property=\"article:modified_time\" content=\"2025-01-20T10:01:45+00:00\" \/>\n<meta property=\"og:image\" content=\"https:\/\/anfina.ch\/wp-content\/uploads\/2024\/01\/Servizi-anfina.jpg\" \/>\n\t<meta property=\"og:image:width\" content=\"1110\" \/>\n\t<meta property=\"og:image:height\" content=\"1152\" \/>\n\t<meta property=\"og:image:type\" content=\"image\/jpeg\" \/>\n<meta name=\"twitter:card\" content=\"summary_large_image\" \/>\n<meta name=\"twitter:label1\" content=\"Tempo di lettura stimato\" \/>\n\t<meta name=\"twitter:data1\" content=\"1 minuto\" \/>\n<script type=\"application\/ld+json\" class=\"yoast-schema-graph\">{\"@context\":\"https:\/\/schema.org\",\"@graph\":[{\"@type\":\"WebPage\",\"@id\":\"https:\/\/anfina.ch\/it\/prestazioni-servizi-services-lavoriamo-per-voi\/\",\"url\":\"https:\/\/anfina.ch\/it\/prestazioni-servizi-services-lavoriamo-per-voi\/\",\"name\":\"Lavoriamo per voi. - servizi - anfina immo ag\",\"isPartOf\":{\"@id\":\"https:\/\/anfina.ch\/#website\"},\"primaryImageOfPage\":{\"@id\":\"https:\/\/anfina.ch\/it\/prestazioni-servizi-services-lavoriamo-per-voi\/#primaryimage\"},\"image\":{\"@id\":\"https:\/\/anfina.ch\/it\/prestazioni-servizi-services-lavoriamo-per-voi\/#primaryimage\"},\"thumbnailUrl\":\"https:\/\/anfina.ch\/wp-content\/uploads\/2024\/01\/Servizi-anfina.jpg\",\"datePublished\":\"2015-04-16T14:40:23+00:00\",\"dateModified\":\"2025-01-20T10:01:45+00:00\",\"description\":\"Lavoriamo per voi. Soddisfiamo le esigenze dei nostri clienti con entusiasmo e professionalit\u00e0, offrendovi un'ampia scelta di servizi.\",\"breadcrumb\":{\"@id\":\"https:\/\/anfina.ch\/it\/prestazioni-servizi-services-lavoriamo-per-voi\/#breadcrumb\"},\"inLanguage\":\"it-IT\",\"potentialAction\":[{\"@type\":\"ReadAction\",\"target\":[\"https:\/\/anfina.ch\/it\/prestazioni-servizi-services-lavoriamo-per-voi\/\"]}]},{\"@type\":\"ImageObject\",\"inLanguage\":\"it-IT\",\"@id\":\"https:\/\/anfina.ch\/it\/prestazioni-servizi-services-lavoriamo-per-voi\/#primaryimage\",\"url\":\"https:\/\/anfina.ch\/wp-content\/uploads\/2024\/01\/Servizi-anfina.jpg\",\"contentUrl\":\"https:\/\/anfina.ch\/wp-content\/uploads\/2024\/01\/Servizi-anfina.jpg\"},{\"@type\":\"BreadcrumbList\",\"@id\":\"https:\/\/anfina.ch\/it\/prestazioni-servizi-services-lavoriamo-per-voi\/#breadcrumb\",\"itemListElement\":[{\"@type\":\"ListItem\",\"position\":1,\"name\":\"Startseite\",\"item\":\"https:\/\/anfina.ch\/it\/\"},{\"@type\":\"ListItem\",\"position\":2,\"name\":\"servizi\"}]},{\"@type\":\"WebSite\",\"@id\":\"https:\/\/anfina.ch\/#website\",\"url\":\"https:\/\/anfina.ch\/\",\"name\":\"anfina immo ag\",\"description\":\"\",\"publisher\":{\"@id\":\"https:\/\/anfina.ch\/#organization\"},\"potentialAction\":[{\"@type\":\"SearchAction\",\"target\":{\"@type\":\"EntryPoint\",\"urlTemplate\":\"https:\/\/anfina.ch\/?s={search_term_string}\"},\"query-input\":{\"@type\":\"PropertyValueSpecification\",\"valueRequired\":true,\"valueName\":\"search_term_string\"}}],\"inLanguage\":\"it-IT\"},{\"@type\":\"Organization\",\"@id\":\"https:\/\/anfina.ch\/#organization\",\"name\":\"anfina immo ag\",\"url\":\"https:\/\/anfina.ch\/\",\"logo\":{\"@type\":\"ImageObject\",\"inLanguage\":\"it-IT\",\"@id\":\"https:\/\/anfina.ch\/#\/schema\/logo\/image\/\",\"url\":\"http:\/\/anfina.ch\/wp-content\/uploads\/2024\/02\/New-Logo-anfina-per-Social-.png\",\"contentUrl\":\"http:\/\/anfina.ch\/wp-content\/uploads\/2024\/02\/New-Logo-anfina-per-Social-.png\",\"width\":1125,\"height\":272,\"caption\":\"anfina immo ag\"},\"image\":{\"@id\":\"https:\/\/anfina.ch\/#\/schema\/logo\/image\/\"}}]}<\/script>\n<!-- \/ Yoast SEO plugin. -->","yoast_head_json":{"title":"Lavoriamo per voi. - servizi - anfina immo ag","description":"Lavoriamo per voi. Soddisfiamo le esigenze dei nostri clienti con entusiasmo e professionalit\u00e0, offrendovi un'ampia scelta di servizi.","robots":{"index":"index","follow":"follow","max-snippet":"max-snippet:-1","max-image-preview":"max-image-preview:large","max-video-preview":"max-video-preview:-1"},"canonical":"https:\/\/anfina.ch\/it\/prestazioni-servizi-services-lavoriamo-per-voi\/","og_locale":"it_IT","og_type":"article","og_title":"Lavoriamo per voi. - servizi - anfina immo ag","og_description":"Lavoriamo per voi. Soddisfiamo le esigenze dei nostri clienti con entusiasmo e professionalit\u00e0, offrendovi un'ampia scelta di servizi.","og_url":"https:\/\/anfina.ch\/it\/prestazioni-servizi-services-lavoriamo-per-voi\/","og_site_name":"anfina immo ag","article_modified_time":"2025-01-20T10:01:45+00:00","og_image":[{"width":1110,"height":1152,"url":"https:\/\/anfina.ch\/wp-content\/uploads\/2024\/01\/Servizi-anfina.jpg","type":"image\/jpeg"}],"twitter_card":"summary_large_image","twitter_misc":{"Tempo di lettura stimato":"1 minuto"},"schema":{"@context":"https:\/\/schema.org","@graph":[{"@type":"WebPage","@id":"https:\/\/anfina.ch\/it\/prestazioni-servizi-services-lavoriamo-per-voi\/","url":"https:\/\/anfina.ch\/it\/prestazioni-servizi-services-lavoriamo-per-voi\/","name":"Lavoriamo per voi. - servizi - anfina immo ag","isPartOf":{"@id":"https:\/\/anfina.ch\/#website"},"primaryImageOfPage":{"@id":"https:\/\/anfina.ch\/it\/prestazioni-servizi-services-lavoriamo-per-voi\/#primaryimage"},"image":{"@id":"https:\/\/anfina.ch\/it\/prestazioni-servizi-services-lavoriamo-per-voi\/#primaryimage"},"thumbnailUrl":"https:\/\/anfina.ch\/wp-content\/uploads\/2024\/01\/Servizi-anfina.jpg","datePublished":"2015-04-16T14:40:23+00:00","dateModified":"2025-01-20T10:01:45+00:00","description":"Lavoriamo per voi. Soddisfiamo le esigenze dei nostri clienti con entusiasmo e professionalit\u00e0, offrendovi un'ampia scelta di servizi.","breadcrumb":{"@id":"https:\/\/anfina.ch\/it\/prestazioni-servizi-services-lavoriamo-per-voi\/#breadcrumb"},"inLanguage":"it-IT","potentialAction":[{"@type":"ReadAction","target":["https:\/\/anfina.ch\/it\/prestazioni-servizi-services-lavoriamo-per-voi\/"]}]},{"@type":"ImageObject","inLanguage":"it-IT","@id":"https:\/\/anfina.ch\/it\/prestazioni-servizi-services-lavoriamo-per-voi\/#primaryimage","url":"https:\/\/anfina.ch\/wp-content\/uploads\/2024\/01\/Servizi-anfina.jpg","contentUrl":"https:\/\/anfina.ch\/wp-content\/uploads\/2024\/01\/Servizi-anfina.jpg"},{"@type":"BreadcrumbList","@id":"https:\/\/anfina.ch\/it\/prestazioni-servizi-services-lavoriamo-per-voi\/#breadcrumb","itemListElement":[{"@type":"ListItem","position":1,"name":"Startseite","item":"https:\/\/anfina.ch\/it\/"},{"@type":"ListItem","position":2,"name":"servizi"}]},{"@type":"WebSite","@id":"https:\/\/anfina.ch\/#website","url":"https:\/\/anfina.ch\/","name":"anfina immo ag","description":"","publisher":{"@id":"https:\/\/anfina.ch\/#organization"},"potentialAction":[{"@type":"SearchAction","target":{"@type":"EntryPoint","urlTemplate":"https:\/\/anfina.ch\/?s={search_term_string}"},"query-input":{"@type":"PropertyValueSpecification","valueRequired":true,"valueName":"search_term_string"}}],"inLanguage":"it-IT"},{"@type":"Organization","@id":"https:\/\/anfina.ch\/#organization","name":"anfina immo ag","url":"https:\/\/anfina.ch\/","logo":{"@type":"ImageObject","inLanguage":"it-IT","@id":"https:\/\/anfina.ch\/#\/schema\/logo\/image\/","url":"http:\/\/anfina.ch\/wp-content\/uploads\/2024\/02\/New-Logo-anfina-per-Social-.png","contentUrl":"http:\/\/anfina.ch\/wp-content\/uploads\/2024\/02\/New-Logo-anfina-per-Social-.png","width":1125,"height":272,"caption":"anfina immo ag"},"image":{"@id":"https:\/\/anfina.ch\/#\/schema\/logo\/image\/"}}]}},"_links":{"self":[{"href":"https:\/\/anfina.ch\/it\/wp-json\/wp\/v2\/pages\/649","targetHints":{"allow":["GET"]}}],"collection":[{"href":"https:\/\/anfina.ch\/it\/wp-json\/wp\/v2\/pages"}],"about":[{"href":"https:\/\/anfina.ch\/it\/wp-json\/wp\/v2\/types\/page"}],"author":[{"embeddable":true,"href":"https:\/\/anfina.ch\/it\/wp-json\/wp\/v2\/users\/3"}],"replies":[{"embeddable":true,"href":"https:\/\/anfina.ch\/it\/wp-json\/wp\/v2\/comments?post=649"}],"version-history":[{"count":0,"href":"https:\/\/anfina.ch\/it\/wp-json\/wp\/v2\/pages\/649\/revisions"}],"wp:attachment":[{"href":"https:\/\/anfina.ch\/it\/wp-json\/wp\/v2\/media?parent=649"}],"curies":[{"name":"wp","href":"https:\/\/api.w.org\/{rel}","templated":true}]}}