{"id":633,"date":"2015-04-16T16:40:15","date_gmt":"2015-04-16T14:40:15","guid":{"rendered":"http:\/\/anfina.ch\/about-us-2-2\/"},"modified":"2024-06-26T10:02:28","modified_gmt":"2024-06-26T08:02:28","slug":"about-us-il-vostro-team-anfina","status":"publish","type":"page","link":"https:\/\/anfina.ch\/it\/about-us-il-vostro-team-anfina\/","title":{"rendered":"chi siamo"},"content":{"rendered":"<p><em><strong>Il vostro team anfina.<\/strong><\/em><\/p>\n<p>L&#8217;anfina immo ag \u00e8 un\u2019impresa giovane specializzatasi nel realizzare l\u2019abitazione dei tuoi sogni e garantirne la sostenibilit\u00e0. Pensi gi\u00e0 da tempo di affittare o vendere il tuo immobile oppure di acquistarne uno? Desideri parlare del finanziamento adatto al tuo immobile e approfondire allo stesso tempo gli aspetti di previdenza relativi all\u2019acquisto dell\u2019immobile? Saremo lieti di conoscerti durante un primo incontro gratuito a <a href=\"http:\/\/anfina.ch\/it\/contact\/\">titolo informativo<\/a>.<\/p>\n<p>Anche nel caso in cui intendi affrontare adesso o prossimamente l\u2019argomento del pensionamento.<\/p>\n<p>Con noi non solo il pubblico giovane \u00e8 in buone mani. Il fattore decisivo dei nostri servizi \u00e8 che tu possa guardare fiducioso a un futuro indipendente \u2013 indipendentemente dal fatto se sei in una relazione, se hai una famiglia con figli oppure se ti occupi dell\u2019argomento del pensionamento, ovvero se ci sei gi\u00e0. In ogni fase della vita abbiamo il desiderio di abitare in un posto senza avere preoccupazioni.<\/p>\n<p>Non esitare a contattarci e dai noi la possibilit\u00e0 di offrirti il servizio migliore. Il tuo interlocutore \u00e8 Alain Andreoli (direttore e proprietario). La sua ventenne esperienza \u00e8 maturata nel settore assicurativo, della previdenza nonch\u00e9 nella pianificazione del pensionamento e nel settore finanziario. \u00c8 inoltre possibile stilare un contratto di mandato.<\/p>\n\n\n<div class=\"wp-block-group\"><div class=\"wp-block-group__inner-container is-layout-flow wp-block-group-is-layout-flow\">\n<div class=\"wp-block-columns is-layout-flex wp-container-core-columns-is-layout-9d6595d7 wp-block-columns-is-layout-flex\">\n<div class=\"wp-block-column is-layout-flow wp-block-column-is-layout-flow\" style=\"flex-basis:100%\">\n<p><\/p>\n\n\n\n<div class=\"wp-block-media-text alignwide is-stacked-on-mobile\"><figure class=\"wp-block-media-text__media\"><img loading=\"lazy\" decoding=\"async\" width=\"1024\" height=\"683\" src=\"http:\/\/anfina.ch\/wp-content\/uploads\/2021\/03\/AA_-Mythenquai-1024x683.jpg\" alt=\"ALAIN ANDREOLI- il vostro team anfina\" class=\"wp-image-20344 size-full\" srcset=\"https:\/\/anfina.ch\/wp-content\/uploads\/2021\/03\/AA_-Mythenquai-1024x683.jpg 1024w, https:\/\/anfina.ch\/wp-content\/uploads\/2021\/03\/AA_-Mythenquai-300x200.jpg 300w, https:\/\/anfina.ch\/wp-content\/uploads\/2021\/03\/AA_-Mythenquai-768x512.jpg 768w, https:\/\/anfina.ch\/wp-content\/uploads\/2021\/03\/AA_-Mythenquai-150x100.jpg 150w, https:\/\/anfina.ch\/wp-content\/uploads\/2021\/03\/AA_-Mythenquai-1536x1024.jpg 1536w, https:\/\/anfina.ch\/wp-content\/uploads\/2021\/03\/AA_-Mythenquai.jpg 2048w\" sizes=\"auto, (max-width: 1024px) 100vw, 1024px\" \/><\/figure><div class=\"wp-block-media-text__content\">\n<p class=\"has-large-font-size\">ALAIN ANDREOLI<\/p>\n\n\n\n<p>FONDATORE E PROPRIETARIO, AMMINISTRATORE DELEGATO<\/p>\n\n\n\n<p><strong>Economista d&#8217;impresa &#8211; <\/strong>Manager di costruzioni e immobili NDS dipl. pianificatore finanziario e pensionistico<\/p>\n\n\n\n<p>Tedesco, Francese, Italiano, Inglese<\/p>\n\n\n\n<p><a href=\"mailto:alain@anfina.ch\">alain@anfina.ch<\/a><\/p>\n\n\n\n<p>043 541 23 60<\/p>\n\n\n\n<p><\/p>\n\n\n\n<p><\/p>\n<\/div><\/div>\n<\/div>\n<\/div>\n\n\n\n<p><\/p>\n<\/div><\/div>\n\n\n\n<div style=\"height:38px\" aria-hidden=\"true\" class=\"wp-block-spacer\"><\/div>\n\n\n\n<div class=\"wp-block-media-text alignwide is-stacked-on-mobile\" style=\"grid-template-columns:49% auto\"><figure class=\"wp-block-media-text__media\"><img loading=\"lazy\" decoding=\"async\" width=\"768\" height=\"1024\" src=\"https:\/\/anfina.ch\/wp-content\/uploads\/2022\/12\/Eugenia-Foto-Bild.jpg\" alt=\"EUGENIA DE CESARE - il vostro team anfina\" class=\"wp-image-54461 size-full\" srcset=\"https:\/\/anfina.ch\/wp-content\/uploads\/2022\/12\/Eugenia-Foto-Bild.jpg 768w, https:\/\/anfina.ch\/wp-content\/uploads\/2022\/12\/Eugenia-Foto-Bild-225x300.jpg 225w, https:\/\/anfina.ch\/wp-content\/uploads\/2022\/12\/Eugenia-Foto-Bild-113x150.jpg 113w\" sizes=\"auto, (max-width: 768px) 100vw, 768px\" \/><\/figure><div class=\"wp-block-media-text__content\">\n<p class=\"has-large-font-size\">EUGENIA DE CESARE<\/p>\n\n\n\n<p>SOCIAL MEDIA & CONTENT MANAGER, ASSISTENTE ALLE VENDITE <\/p>\n\n\n\n<p><strong>Assistente alle vendite nel settore immobiliare e specialista in comunicazione e social media<\/strong> <\/p>\n\n\n\n<p>Italiano,Tedesco<\/p>\n\n\n\n<p><a href=\"mailto:e.decesare@anfina.ch\">e.decesare@anfina.<\/a><a href=\"mailto:s.baunach@anfina.ch\">ch<\/a><\/p>\n\n\n\n<p>+41 44 442 23 62<\/p>\n\n\n\n<p><\/p>\n<\/div><\/div>\n\n\n\n<div style=\"height:38px\" aria-hidden=\"true\" class=\"wp-block-spacer\"><\/div>\n\n\n\n<div class=\"wp-block-media-text alignwide is-stacked-on-mobile\" style=\"grid-template-columns:49% auto\"><figure class=\"wp-block-media-text__media\"><img loading=\"lazy\" decoding=\"async\" width=\"400\" height=\"600\" src=\"https:\/\/anfina.ch\/wp-content\/uploads\/2023\/05\/Foto-Michele-1.jpg\" alt=\"MICH\u00c8LE ANDREOLI- il vostro team anfina\" class=\"wp-image-60546 size-full\" srcset=\"https:\/\/anfina.ch\/wp-content\/uploads\/2023\/05\/Foto-Michele-1.jpg 400w, https:\/\/anfina.ch\/wp-content\/uploads\/2023\/05\/Foto-Michele-1-200x300.jpg 200w, https:\/\/anfina.ch\/wp-content\/uploads\/2023\/05\/Foto-Michele-1-100x150.jpg 100w\" sizes=\"auto, (max-width: 400px) 100vw, 400px\" \/><\/figure><div class=\"wp-block-media-text__content\">\n<p class=\"has-large-font-size\">MICH\u00c8LE ANDREOLI<\/p>\n\n\n\n<p>PROJECT MANAGER & SALES MANAGER<\/p>\n\n\n\n<p><strong>Responsabile vendite immobiliari e Addetta alla pianificazione e alla programmazione in dettaglio<\/strong><\/p>\n\n\n\n<p>Tedesco, Inglese, Spagnolo<\/p>\n\n\n\n<p><a href=\"mailto:e.decesare@anfina.ch\"><a href=\"mailto:e.decesare@anfina.ch\" target=\"_blank\" rel=\"noreferrer noopener\">m.andreoli.trv@anfina.ch<\/a><\/a><\/p>\n\n\n\n<p>+41 44 442 23 64<\/p>\n\n\n\n<p><\/p>\n<\/div><\/div>\n","protected":false},"excerpt":{"rendered":"<p>Il vostro team anfina. L&#8217;anfina immo ag \u00e8 un\u2019impresa giovane specializzatasi nel realizzare l\u2019abitazione dei tuoi sogni e garantirne la [&hellip;]<\/p>\n","protected":false},"author":3,"featured_media":0,"parent":0,"menu_order":0,"comment_status":"open","ping_status":"open","template":"page-template-aboutus.php","meta":{"_acf_changed":false,"footnotes":""},"class_list":["post-633","page","type-page","status-publish","hentry"],"acf":[],"yoast_head":"<!-- This site is optimized with the Yoast SEO plugin v24.9 - https:\/\/yoast.com\/wordpress\/plugins\/seo\/ -->\n<title>Il vostro team anfina - Parola chiave: efficienza e professionalit\u00e0<\/title>\n<meta name=\"description\" content=\"Avete bisogno di aiuto per la gestione della vostra propriet\u00e0? Il vostro team anfina vi supporter\u00e0 in modo efficiente e professionale.\" \/>\n<meta name=\"robots\" content=\"index, follow, max-snippet:-1, max-image-preview:large, max-video-preview:-1\" \/>\n<link rel=\"canonical\" href=\"https:\/\/anfina.ch\/it\/about-us-il-vostro-team-anfina\/\" \/>\n<meta property=\"og:locale\" content=\"it_IT\" \/>\n<meta property=\"og:type\" content=\"article\" \/>\n<meta property=\"og:title\" content=\"Il vostro team anfina - Parola chiave: efficienza e professionalit\u00e0\" \/>\n<meta property=\"og:description\" content=\"Avete bisogno di aiuto per la gestione della vostra propriet\u00e0? Il vostro team anfina vi supporter\u00e0 in modo efficiente e professionale.\" \/>\n<meta property=\"og:url\" content=\"https:\/\/anfina.ch\/it\/about-us-il-vostro-team-anfina\/\" \/>\n<meta property=\"og:site_name\" content=\"anfina immo ag\" \/>\n<meta property=\"article:modified_time\" content=\"2024-06-26T08:02:28+00:00\" \/>\n<meta property=\"og:image\" content=\"http:\/\/anfina.ch\/wp-content\/uploads\/2021\/03\/AA_-Mythenquai-1024x683.jpg\" \/>\n<meta name=\"twitter:card\" content=\"summary_large_image\" \/>\n<meta name=\"twitter:label1\" content=\"Tempo di lettura stimato\" \/>\n\t<meta name=\"twitter:data1\" content=\"3 minuti\" \/>\n<script type=\"application\/ld+json\" class=\"yoast-schema-graph\">{\"@context\":\"https:\/\/schema.org\",\"@graph\":[{\"@type\":\"WebPage\",\"@id\":\"https:\/\/anfina.ch\/it\/about-us-il-vostro-team-anfina\/\",\"url\":\"https:\/\/anfina.ch\/it\/about-us-il-vostro-team-anfina\/\",\"name\":\"Il vostro team anfina - Parola chiave: efficienza e professionalit\u00e0\",\"isPartOf\":{\"@id\":\"https:\/\/anfina.ch\/#website\"},\"primaryImageOfPage\":{\"@id\":\"https:\/\/anfina.ch\/it\/about-us-il-vostro-team-anfina\/#primaryimage\"},\"image\":{\"@id\":\"https:\/\/anfina.ch\/it\/about-us-il-vostro-team-anfina\/#primaryimage\"},\"thumbnailUrl\":\"http:\/\/anfina.ch\/wp-content\/uploads\/2021\/03\/AA_-Mythenquai-1024x683.jpg\",\"datePublished\":\"2015-04-16T14:40:15+00:00\",\"dateModified\":\"2024-06-26T08:02:28+00:00\",\"description\":\"Avete bisogno di aiuto per la gestione della vostra propriet\u00e0? Il vostro team anfina vi supporter\u00e0 in modo efficiente e professionale.\",\"breadcrumb\":{\"@id\":\"https:\/\/anfina.ch\/it\/about-us-il-vostro-team-anfina\/#breadcrumb\"},\"inLanguage\":\"it-IT\",\"potentialAction\":[{\"@type\":\"ReadAction\",\"target\":[\"https:\/\/anfina.ch\/it\/about-us-il-vostro-team-anfina\/\"]}]},{\"@type\":\"ImageObject\",\"inLanguage\":\"it-IT\",\"@id\":\"https:\/\/anfina.ch\/it\/about-us-il-vostro-team-anfina\/#primaryimage\",\"url\":\"http:\/\/anfina.ch\/wp-content\/uploads\/2021\/03\/AA_-Mythenquai-1024x683.jpg\",\"contentUrl\":\"http:\/\/anfina.ch\/wp-content\/uploads\/2021\/03\/AA_-Mythenquai-1024x683.jpg\"},{\"@type\":\"BreadcrumbList\",\"@id\":\"https:\/\/anfina.ch\/it\/about-us-il-vostro-team-anfina\/#breadcrumb\",\"itemListElement\":[{\"@type\":\"ListItem\",\"position\":1,\"name\":\"Startseite\",\"item\":\"https:\/\/anfina.ch\/it\/\"},{\"@type\":\"ListItem\",\"position\":2,\"name\":\"chi siamo\"}]},{\"@type\":\"WebSite\",\"@id\":\"https:\/\/anfina.ch\/#website\",\"url\":\"https:\/\/anfina.ch\/\",\"name\":\"anfina immo ag\",\"description\":\"\",\"publisher\":{\"@id\":\"https:\/\/anfina.ch\/#organization\"},\"potentialAction\":[{\"@type\":\"SearchAction\",\"target\":{\"@type\":\"EntryPoint\",\"urlTemplate\":\"https:\/\/anfina.ch\/?s={search_term_string}\"},\"query-input\":{\"@type\":\"PropertyValueSpecification\",\"valueRequired\":true,\"valueName\":\"search_term_string\"}}],\"inLanguage\":\"it-IT\"},{\"@type\":\"Organization\",\"@id\":\"https:\/\/anfina.ch\/#organization\",\"name\":\"anfina immo ag\",\"url\":\"https:\/\/anfina.ch\/\",\"logo\":{\"@type\":\"ImageObject\",\"inLanguage\":\"it-IT\",\"@id\":\"https:\/\/anfina.ch\/#\/schema\/logo\/image\/\",\"url\":\"http:\/\/anfina.ch\/wp-content\/uploads\/2024\/02\/New-Logo-anfina-per-Social-.png\",\"contentUrl\":\"http:\/\/anfina.ch\/wp-content\/uploads\/2024\/02\/New-Logo-anfina-per-Social-.png\",\"width\":1125,\"height\":272,\"caption\":\"anfina immo ag\"},\"image\":{\"@id\":\"https:\/\/anfina.ch\/#\/schema\/logo\/image\/\"}}]}<\/script>\n<!-- \/ Yoast SEO plugin. -->","yoast_head_json":{"title":"Il vostro team anfina - Parola chiave: efficienza e professionalit\u00e0","description":"Avete bisogno di aiuto per la gestione della vostra propriet\u00e0? Il vostro team anfina vi supporter\u00e0 in modo efficiente e professionale.","robots":{"index":"index","follow":"follow","max-snippet":"max-snippet:-1","max-image-preview":"max-image-preview:large","max-video-preview":"max-video-preview:-1"},"canonical":"https:\/\/anfina.ch\/it\/about-us-il-vostro-team-anfina\/","og_locale":"it_IT","og_type":"article","og_title":"Il vostro team anfina - Parola chiave: efficienza e professionalit\u00e0","og_description":"Avete bisogno di aiuto per la gestione della vostra propriet\u00e0? Il vostro team anfina vi supporter\u00e0 in modo efficiente e professionale.","og_url":"https:\/\/anfina.ch\/it\/about-us-il-vostro-team-anfina\/","og_site_name":"anfina immo ag","article_modified_time":"2024-06-26T08:02:28+00:00","og_image":[{"url":"http:\/\/anfina.ch\/wp-content\/uploads\/2021\/03\/AA_-Mythenquai-1024x683.jpg","type":"","width":"","height":""}],"twitter_card":"summary_large_image","twitter_misc":{"Tempo di lettura stimato":"3 minuti"},"schema":{"@context":"https:\/\/schema.org","@graph":[{"@type":"WebPage","@id":"https:\/\/anfina.ch\/it\/about-us-il-vostro-team-anfina\/","url":"https:\/\/anfina.ch\/it\/about-us-il-vostro-team-anfina\/","name":"Il vostro team anfina - Parola chiave: efficienza e professionalit\u00e0","isPartOf":{"@id":"https:\/\/anfina.ch\/#website"},"primaryImageOfPage":{"@id":"https:\/\/anfina.ch\/it\/about-us-il-vostro-team-anfina\/#primaryimage"},"image":{"@id":"https:\/\/anfina.ch\/it\/about-us-il-vostro-team-anfina\/#primaryimage"},"thumbnailUrl":"http:\/\/anfina.ch\/wp-content\/uploads\/2021\/03\/AA_-Mythenquai-1024x683.jpg","datePublished":"2015-04-16T14:40:15+00:00","dateModified":"2024-06-26T08:02:28+00:00","description":"Avete bisogno di aiuto per la gestione della vostra propriet\u00e0? Il vostro team anfina vi supporter\u00e0 in modo efficiente e professionale.","breadcrumb":{"@id":"https:\/\/anfina.ch\/it\/about-us-il-vostro-team-anfina\/#breadcrumb"},"inLanguage":"it-IT","potentialAction":[{"@type":"ReadAction","target":["https:\/\/anfina.ch\/it\/about-us-il-vostro-team-anfina\/"]}]},{"@type":"ImageObject","inLanguage":"it-IT","@id":"https:\/\/anfina.ch\/it\/about-us-il-vostro-team-anfina\/#primaryimage","url":"http:\/\/anfina.ch\/wp-content\/uploads\/2021\/03\/AA_-Mythenquai-1024x683.jpg","contentUrl":"http:\/\/anfina.ch\/wp-content\/uploads\/2021\/03\/AA_-Mythenquai-1024x683.jpg"},{"@type":"BreadcrumbList","@id":"https:\/\/anfina.ch\/it\/about-us-il-vostro-team-anfina\/#breadcrumb","itemListElement":[{"@type":"ListItem","position":1,"name":"Startseite","item":"https:\/\/anfina.ch\/it\/"},{"@type":"ListItem","position":2,"name":"chi siamo"}]},{"@type":"WebSite","@id":"https:\/\/anfina.ch\/#website","url":"https:\/\/anfina.ch\/","name":"anfina immo ag","description":"","publisher":{"@id":"https:\/\/anfina.ch\/#organization"},"potentialAction":[{"@type":"SearchAction","target":{"@type":"EntryPoint","urlTemplate":"https:\/\/anfina.ch\/?s={search_term_string}"},"query-input":{"@type":"PropertyValueSpecification","valueRequired":true,"valueName":"search_term_string"}}],"inLanguage":"it-IT"},{"@type":"Organization","@id":"https:\/\/anfina.ch\/#organization","name":"anfina immo ag","url":"https:\/\/anfina.ch\/","logo":{"@type":"ImageObject","inLanguage":"it-IT","@id":"https:\/\/anfina.ch\/#\/schema\/logo\/image\/","url":"http:\/\/anfina.ch\/wp-content\/uploads\/2024\/02\/New-Logo-anfina-per-Social-.png","contentUrl":"http:\/\/anfina.ch\/wp-content\/uploads\/2024\/02\/New-Logo-anfina-per-Social-.png","width":1125,"height":272,"caption":"anfina immo ag"},"image":{"@id":"https:\/\/anfina.ch\/#\/schema\/logo\/image\/"}}]}},"_links":{"self":[{"href":"https:\/\/anfina.ch\/it\/wp-json\/wp\/v2\/pages\/633","targetHints":{"allow":["GET"]}}],"collection":[{"href":"https:\/\/anfina.ch\/it\/wp-json\/wp\/v2\/pages"}],"about":[{"href":"https:\/\/anfina.ch\/it\/wp-json\/wp\/v2\/types\/page"}],"author":[{"embeddable":true,"href":"https:\/\/anfina.ch\/it\/wp-json\/wp\/v2\/users\/3"}],"replies":[{"embeddable":true,"href":"https:\/\/anfina.ch\/it\/wp-json\/wp\/v2\/comments?post=633"}],"version-history":[{"count":0,"href":"https:\/\/anfina.ch\/it\/wp-json\/wp\/v2\/pages\/633\/revisions"}],"wp:attachment":[{"href":"https:\/\/anfina.ch\/it\/wp-json\/wp\/v2\/media?parent=633"}],"curies":[{"name":"wp","href":"https:\/\/api.w.org\/{rel}","templated":true}]}}