{"id":10688,"date":"2015-05-11T14:38:59","date_gmt":"2015-05-11T12:38:59","guid":{"rendered":"http:\/\/anfina.ch\/impressum\/"},"modified":"2024-01-25T09:31:08","modified_gmt":"2024-01-25T08:31:08","slug":"impressum","status":"publish","type":"page","link":"https:\/\/anfina.ch\/it\/impressum\/","title":{"rendered":"impressum"},"content":{"rendered":"<div>\n<div><strong>anfina immo ag<\/strong><br \/>\nSonneggstrasse 82<br \/>\n8006 Z\u00fcrich<br \/>\nTel. +41 43 541 23 60<br \/>\n<a title=\"E-Mail an info@anfina.ch senden\" href=\"mailto:info@anfina.ch\"> info@anfina.ch<\/a><br \/>\n<a title=\"anfina immo ag\" href=\"http:\/\/anfina.ch\" target=\"_blank\" rel=\"noopener noreferrer\">www.anfina.ch<\/a><br \/>\nUID: CHE-196.432.915<\/div>\n<\/div>\n<p><strong>Realisierung<\/strong><\/p>\n<p>Casasoft AG<br \/>\nFlurstrasse 55<br \/>\n8048 Z\u00fcrich<br \/>\n<a title=\"Casasoft AG\" href=\"http:\/\/casasoft.ch\" target=\"_blank\" rel=\"noopener noreferrer\">www.casasoft.ch<\/a><\/p>\n<p><strong>Haftungshinweis<\/strong><br \/>\nTrotz sorgf\u00e4ltiger inhaltlicher Kontrolle \u00fcbernehmen wir keine Haftung f\u00fcr die Inhalte externer Links. F\u00fcr den Inhalt der verlinkten Seiten sind ausschliesslich deren Betreiber verantwortlich.<\/p>\n<p><strong>Copyrights 2015 &#8211; 2022<br \/>\n<\/strong><\/p>\n<p>Auf allen von dieser webpage, Internetseite gelieferten Bildern, Videos und alle Mediendateien, im Speziellen, zu den Verkaufsobjekten besteht ein Urheberschutz mit digital verzeichneter Signatur, zum Teil auch \u00fcber unsere Partnerfirma Sulser Immobilien AG. Das heisst, dass eine Kopie, Drittverwendung, Bearbeitung oder gar dessen Verbreitung strengstens untersagt und bei Widerhandlung strafrechtlich angezeigt.<\/p>\n","protected":false},"excerpt":{"rendered":"<p>anfina immo ag Sonneggstrasse 82 8006 Z\u00fcrich Tel. +41 43 541 23 60 info@anfina.ch www.anfina.ch UID: CHE-196.432.915 Realisierung Casasoft AG [&hellip;]<\/p>\n","protected":false},"author":3,"featured_media":0,"parent":0,"menu_order":0,"comment_status":"closed","ping_status":"closed","template":"","meta":{"_acf_changed":false,"footnotes":""},"class_list":["post-10688","page","type-page","status-publish","hentry"],"acf":[],"yoast_head":"<!-- This site is optimized with the Yoast SEO plugin v24.9 - https:\/\/yoast.com\/wordpress\/plugins\/seo\/ -->\n<title>impressum - anfina immo ag<\/title>\n<meta name=\"robots\" content=\"index, follow, max-snippet:-1, max-image-preview:large, max-video-preview:-1\" \/>\n<link rel=\"canonical\" href=\"https:\/\/anfina.ch\/it\/impressum\/\" \/>\n<meta property=\"og:locale\" content=\"it_IT\" \/>\n<meta property=\"og:type\" content=\"article\" \/>\n<meta property=\"og:title\" content=\"impressum - anfina immo ag\" \/>\n<meta property=\"og:description\" content=\"anfina immo ag Sonneggstrasse 82 8006 Z\u00fcrich Tel. +41 43 541 23 60 info@anfina.ch www.anfina.ch UID: CHE-196.432.915 Realisierung Casasoft AG [&hellip;]\" \/>\n<meta property=\"og:url\" content=\"https:\/\/anfina.ch\/it\/impressum\/\" \/>\n<meta property=\"og:site_name\" content=\"anfina immo ag\" \/>\n<meta property=\"article:modified_time\" content=\"2024-01-25T08:31:08+00:00\" \/>\n<meta name=\"twitter:card\" content=\"summary_large_image\" \/>\n<meta name=\"twitter:label1\" content=\"Tempo di lettura stimato\" \/>\n\t<meta name=\"twitter:data1\" content=\"1 minuto\" \/>\n<script type=\"application\/ld+json\" class=\"yoast-schema-graph\">{\"@context\":\"https:\/\/schema.org\",\"@graph\":[{\"@type\":\"WebPage\",\"@id\":\"https:\/\/anfina.ch\/it\/impressum\/\",\"url\":\"https:\/\/anfina.ch\/it\/impressum\/\",\"name\":\"impressum - anfina immo ag\",\"isPartOf\":{\"@id\":\"https:\/\/anfina.ch\/#website\"},\"datePublished\":\"2015-05-11T12:38:59+00:00\",\"dateModified\":\"2024-01-25T08:31:08+00:00\",\"breadcrumb\":{\"@id\":\"https:\/\/anfina.ch\/it\/impressum\/#breadcrumb\"},\"inLanguage\":\"it-IT\",\"potentialAction\":[{\"@type\":\"ReadAction\",\"target\":[\"https:\/\/anfina.ch\/it\/impressum\/\"]}]},{\"@type\":\"BreadcrumbList\",\"@id\":\"https:\/\/anfina.ch\/it\/impressum\/#breadcrumb\",\"itemListElement\":[{\"@type\":\"ListItem\",\"position\":1,\"name\":\"Startseite\",\"item\":\"https:\/\/anfina.ch\/it\/\"},{\"@type\":\"ListItem\",\"position\":2,\"name\":\"impressum\"}]},{\"@type\":\"WebSite\",\"@id\":\"https:\/\/anfina.ch\/#website\",\"url\":\"https:\/\/anfina.ch\/\",\"name\":\"anfina immo ag\",\"description\":\"\",\"publisher\":{\"@id\":\"https:\/\/anfina.ch\/#organization\"},\"potentialAction\":[{\"@type\":\"SearchAction\",\"target\":{\"@type\":\"EntryPoint\",\"urlTemplate\":\"https:\/\/anfina.ch\/?s={search_term_string}\"},\"query-input\":{\"@type\":\"PropertyValueSpecification\",\"valueRequired\":true,\"valueName\":\"search_term_string\"}}],\"inLanguage\":\"it-IT\"},{\"@type\":\"Organization\",\"@id\":\"https:\/\/anfina.ch\/#organization\",\"name\":\"anfina immo ag\",\"url\":\"https:\/\/anfina.ch\/\",\"logo\":{\"@type\":\"ImageObject\",\"inLanguage\":\"it-IT\",\"@id\":\"https:\/\/anfina.ch\/#\/schema\/logo\/image\/\",\"url\":\"http:\/\/anfina.ch\/wp-content\/uploads\/2024\/02\/New-Logo-anfina-per-Social-.png\",\"contentUrl\":\"http:\/\/anfina.ch\/wp-content\/uploads\/2024\/02\/New-Logo-anfina-per-Social-.png\",\"width\":1125,\"height\":272,\"caption\":\"anfina immo ag\"},\"image\":{\"@id\":\"https:\/\/anfina.ch\/#\/schema\/logo\/image\/\"}}]}<\/script>\n<!-- \/ Yoast SEO plugin. -->","yoast_head_json":{"title":"impressum - anfina immo ag","robots":{"index":"index","follow":"follow","max-snippet":"max-snippet:-1","max-image-preview":"max-image-preview:large","max-video-preview":"max-video-preview:-1"},"canonical":"https:\/\/anfina.ch\/it\/impressum\/","og_locale":"it_IT","og_type":"article","og_title":"impressum - anfina immo ag","og_description":"anfina immo ag Sonneggstrasse 82 8006 Z\u00fcrich Tel. +41 43 541 23 60 info@anfina.ch www.anfina.ch UID: CHE-196.432.915 Realisierung Casasoft AG [&hellip;]","og_url":"https:\/\/anfina.ch\/it\/impressum\/","og_site_name":"anfina immo ag","article_modified_time":"2024-01-25T08:31:08+00:00","twitter_card":"summary_large_image","twitter_misc":{"Tempo di lettura stimato":"1 minuto"},"schema":{"@context":"https:\/\/schema.org","@graph":[{"@type":"WebPage","@id":"https:\/\/anfina.ch\/it\/impressum\/","url":"https:\/\/anfina.ch\/it\/impressum\/","name":"impressum - anfina immo ag","isPartOf":{"@id":"https:\/\/anfina.ch\/#website"},"datePublished":"2015-05-11T12:38:59+00:00","dateModified":"2024-01-25T08:31:08+00:00","breadcrumb":{"@id":"https:\/\/anfina.ch\/it\/impressum\/#breadcrumb"},"inLanguage":"it-IT","potentialAction":[{"@type":"ReadAction","target":["https:\/\/anfina.ch\/it\/impressum\/"]}]},{"@type":"BreadcrumbList","@id":"https:\/\/anfina.ch\/it\/impressum\/#breadcrumb","itemListElement":[{"@type":"ListItem","position":1,"name":"Startseite","item":"https:\/\/anfina.ch\/it\/"},{"@type":"ListItem","position":2,"name":"impressum"}]},{"@type":"WebSite","@id":"https:\/\/anfina.ch\/#website","url":"https:\/\/anfina.ch\/","name":"anfina immo ag","description":"","publisher":{"@id":"https:\/\/anfina.ch\/#organization"},"potentialAction":[{"@type":"SearchAction","target":{"@type":"EntryPoint","urlTemplate":"https:\/\/anfina.ch\/?s={search_term_string}"},"query-input":{"@type":"PropertyValueSpecification","valueRequired":true,"valueName":"search_term_string"}}],"inLanguage":"it-IT"},{"@type":"Organization","@id":"https:\/\/anfina.ch\/#organization","name":"anfina immo ag","url":"https:\/\/anfina.ch\/","logo":{"@type":"ImageObject","inLanguage":"it-IT","@id":"https:\/\/anfina.ch\/#\/schema\/logo\/image\/","url":"http:\/\/anfina.ch\/wp-content\/uploads\/2024\/02\/New-Logo-anfina-per-Social-.png","contentUrl":"http:\/\/anfina.ch\/wp-content\/uploads\/2024\/02\/New-Logo-anfina-per-Social-.png","width":1125,"height":272,"caption":"anfina immo ag"},"image":{"@id":"https:\/\/anfina.ch\/#\/schema\/logo\/image\/"}}]}},"_links":{"self":[{"href":"https:\/\/anfina.ch\/it\/wp-json\/wp\/v2\/pages\/10688","targetHints":{"allow":["GET"]}}],"collection":[{"href":"https:\/\/anfina.ch\/it\/wp-json\/wp\/v2\/pages"}],"about":[{"href":"https:\/\/anfina.ch\/it\/wp-json\/wp\/v2\/types\/page"}],"author":[{"embeddable":true,"href":"https:\/\/anfina.ch\/it\/wp-json\/wp\/v2\/users\/3"}],"replies":[{"embeddable":true,"href":"https:\/\/anfina.ch\/it\/wp-json\/wp\/v2\/comments?post=10688"}],"version-history":[{"count":0,"href":"https:\/\/anfina.ch\/it\/wp-json\/wp\/v2\/pages\/10688\/revisions"}],"wp:attachment":[{"href":"https:\/\/anfina.ch\/it\/wp-json\/wp\/v2\/media?parent=10688"}],"curies":[{"name":"wp","href":"https:\/\/api.w.org\/{rel}","templated":true}]}}